{"id":142,"date":"2015-10-22T15:32:34","date_gmt":"2015-10-22T13:32:34","guid":{"rendered":"http:\/\/test.kriesi.at\/construction\/?page_id=142"},"modified":"2015-10-22T15:32:34","modified_gmt":"2015-10-22T13:32:34","slug":"workspace","status":"publish","type":"page","link":"https:\/\/hmcc.fr\/?page_id=142","title":{"rendered":"Location de bureaux"},"content":{"rendered":"\n<style type=\"text\/css\" data-created_by=\"avia_inline_auto\" id=\"style-css-av-1hip7y-ff36b42933a82a51deec4e506cbf7a14\">\n#top .flex_column.av-1hip7y-ff36b42933a82a51deec4e506cbf7a14{\nmargin-top:0px;\nmargin-bottom:0px;\n}\n.flex_column.av-1hip7y-ff36b42933a82a51deec4e506cbf7a14{\nborder-radius:0px 0px 0px 0px;\npadding:0px 0px 0px 0px;\n}\n.responsive #top #wrap_all .flex_column.av-1hip7y-ff36b42933a82a51deec4e506cbf7a14{\nmargin-top:0px;\nmargin-bottom:0px;\n}\n<\/style>\n<div  class='flex_column av-1hip7y-ff36b42933a82a51deec4e506cbf7a14 av_one_full  avia-builder-el-0  el_before_av_one_full  avia-builder-el-first  first flex_column_div av-animated-generic bottom-to-top av-zero-column-padding  '     ><p>\n<style type=\"text\/css\" data-created_by=\"avia_inline_auto\" id=\"style-css-av-kgcc2jt9-83d9c306d1cb5935a7d6378ef9753bf8\">\n#top .av-special-heading.av-kgcc2jt9-83d9c306d1cb5935a7d6378ef9753bf8{\npadding-bottom:0;\n}\nbody .av-special-heading.av-kgcc2jt9-83d9c306d1cb5935a7d6378ef9753bf8 .av-special-heading-tag .heading-char{\nfont-size:25px;\n}\n.av-special-heading.av-kgcc2jt9-83d9c306d1cb5935a7d6378ef9753bf8 .av-subheading{\nfont-size:15px;\n}\n<\/style>\n<div  class='av-special-heading av-kgcc2jt9-83d9c306d1cb5935a7d6378ef9753bf8 av-special-heading-h2 blockquote modern-quote modern-centered  avia-builder-el-1  el_before_av_hr  avia-builder-el-first '><h2 class='av-special-heading-tag'  itemprop=\"headline\"  >Location de bureaux<\/h2><div class='av-subheading av-subheading_below'><p>solution \u00e0 la carte par BKM<\/p>\n<\/div><div class=\"special-heading-border\"><div class=\"special-heading-inner-border\"><\/div><\/div><\/div><br \/>\n\n<style type=\"text\/css\" data-created_by=\"avia_inline_auto\" id=\"style-css-av-11lqoe-c84f49e048460d7dc1a68c09d2283fcc\">\n#top .hr.av-11lqoe-c84f49e048460d7dc1a68c09d2283fcc{\nmargin-top:10px;\nmargin-bottom:10px;\n}\n.hr.av-11lqoe-c84f49e048460d7dc1a68c09d2283fcc .hr-inner{\nwidth:50px;\nborder-color:#c61111;\n}\n<\/style>\n<div  class='hr av-11lqoe-c84f49e048460d7dc1a68c09d2283fcc hr-custom  avia-builder-el-2  el_after_av_heading  avia-builder-el-last  hr-left hr-icon-no'><span class='hr-inner inner-border-av-border-fat'><span class=\"hr-inner-style\"><\/span><\/span><\/div><\/p><\/div>\n<style type=\"text\/css\" data-created_by=\"avia_inline_auto\" id=\"style-css-av-ui5ae-c7b217263ea6a0fe2841eba530392e13\">\n.flex_column.av-ui5ae-c7b217263ea6a0fe2841eba530392e13{\nborder-radius:0px 0px 0px 0px;\npadding:0px 0px 0px 0px;\n}\n<\/style>\n<div  class='flex_column av-ui5ae-c7b217263ea6a0fe2841eba530392e13 av_one_full  avia-builder-el-3  el_after_av_one_full  el_before_av_two_fifth  first flex_column_div av-zero-column-padding  column-top-margin'     ><style type=\"text\/css\" data-created_by=\"avia_inline_auto\" id=\"style-css-av-p80dq-b52e59ffc7b8489d1e27684fe799b1a9\">\n#top .av_textblock_section.av-p80dq-b52e59ffc7b8489d1e27684fe799b1a9 .avia_textblock{\nfont-size:16px;\n}\n<\/style>\n<section  class='av_textblock_section av-p80dq-b52e59ffc7b8489d1e27684fe799b1a9 '   itemscope=\"itemscope\" itemtype=\"https:\/\/schema.org\/CreativeWork\" ><div class='avia_textblock'  itemprop=\"text\" ><p><strong><em>Pour vos besoins professionnels, nous mettons des locaux \u00e0 votre disposition par le biais de la soci\u00e9t\u00e9 BKM.<\/em><\/strong><\/p>\n<p>Salle de r\u00e9union, bureau ou tout simplement un espace agr\u00e9able pour vos entretiens en toute s\u00e9r\u00e9nit\u00e9. Nos solutions \u00e0 la carte vous permettrons de r\u00e9pondre \u00e0 vos besoins ponctuels.<\/p>\n<\/div><\/section><\/div>\n<style type=\"text\/css\" data-created_by=\"avia_inline_auto\" id=\"style-css-av-av_two_fifth-25347b0a799d5b9f7058434b2a9c3182\">\n.flex_column.av-av_two_fifth-25347b0a799d5b9f7058434b2a9c3182{\nborder-radius:0px 0px 0px 0px;\npadding:0px 0px 0px 0px;\n}\n<\/style>\n<div  class='flex_column av-av_two_fifth-25347b0a799d5b9f7058434b2a9c3182 av_two_fifth  avia-builder-el-5  el_after_av_one_full  el_before_av_one_fifth  first flex_column_div av-zero-column-padding  column-top-margin'     ><\/div>\n<style type=\"text\/css\" data-created_by=\"avia_inline_auto\" id=\"style-css-av-av_one_fifth-f7c1061df29de8cca6b42fcf455fe4a0\">\n.flex_column.av-av_one_fifth-f7c1061df29de8cca6b42fcf455fe4a0{\nborder-radius:0px 0px 0px 0px;\npadding:0px 0px 0px 0px;\n}\n<\/style>\n<div  class='flex_column av-av_one_fifth-f7c1061df29de8cca6b42fcf455fe4a0 av_one_fifth  avia-builder-el-7  el_after_av_two_fifth  el_before_av_two_fifth  flex_column_div av-zero-column-padding  column-top-margin'     ><p>\n<style type=\"text\/css\" data-created_by=\"avia_inline_auto\" id=\"style-css-av-kgccgx8a-44ee388f0a29e4b524ef7f093faa381f\">\n#top .hr.hr-invisible.av-kgccgx8a-44ee388f0a29e4b524ef7f093faa381f{\nheight:150px;\n}\n<\/style>\n<div  class='hr av-kgccgx8a-44ee388f0a29e4b524ef7f093faa381f hr-invisible  avia-builder-el-8  el_before_av_font_icon  avia-builder-el-first '><span class='hr-inner '><span class=\"hr-inner-style\"><\/span><\/span><\/div><br \/>\n\n<style type=\"text\/css\" data-created_by=\"avia_inline_auto\" id=\"style-css-av-1j91ti-494b17c4fd763d8dbd0ca89ed0f7ae4a\">\n.av_font_icon.av-1j91ti-494b17c4fd763d8dbd0ca89ed0f7ae4a .av-icon-char{\nfont-size:40px;\nline-height:40px;\nwidth:40px;\n}\n<\/style>\n<span  class='av_font_icon av-1j91ti-494b17c4fd763d8dbd0ca89ed0f7ae4a avia_animate_when_visible av-icon-style-border avia-icon-pos-center av-no-color avia-icon-animate'><a href='https:\/\/www.espace-kbm.fr\/' target=\"_blank\" rel=\"noopener noreferrer\" class='av-icon-char' aria-hidden='true' data-av_icon='\ue832' data-av_iconfont='entypo-fontello'><\/a><span class='av_icon_caption av-special-font'>Coworking <\/span><\/span><\/p><\/div>\n<style type=\"text\/css\" data-created_by=\"avia_inline_auto\" id=\"style-css-av-av_two_fifth-f7c1061df29de8cca6b42fcf455fe4a0\">\n.flex_column.av-av_two_fifth-f7c1061df29de8cca6b42fcf455fe4a0{\nborder-radius:0px 0px 0px 0px;\npadding:0px 0px 0px 0px;\n}\n<\/style>\n<div  class='flex_column av-av_two_fifth-f7c1061df29de8cca6b42fcf455fe4a0 av_two_fifth  avia-builder-el-10  el_after_av_one_fifth  avia-builder-el-last  flex_column_div av-zero-column-padding  column-top-margin'     ><p>\n<style type=\"text\/css\" data-created_by=\"avia_inline_auto\" id=\"style-css-av-kgccgx8a-ca1e9d5521f947f71c870f8421c96a51\">\n#top .hr.hr-invisible.av-kgccgx8a-ca1e9d5521f947f71c870f8421c96a51{\nheight:90px;\n}\n<\/style>\n<div  class='hr av-kgccgx8a-ca1e9d5521f947f71c870f8421c96a51 hr-invisible  avia-builder-el-11  el_before_av_slideshow  avia-builder-el-first '><span class='hr-inner '><span class=\"hr-inner-style\"><\/span><\/span><\/div><br \/>\n<div  class='avia-slideshow av-2e95lq-3aed557aefd6298c87ca718f1c762288 avia-slideshow-masonry av_slideshow avia-fade-slider  avia-builder-el-12  el_after_av_hr  avia-builder-el-last  av-slideshow-ui av-control-hidden av-no-slider-navigation av-hide-nav-arrows av-slideshow-autoplay av-loop-endless av-loop-manual-endless av-default-height-applied avia-slideshow-1' data-slideshow-options=\"{&quot;animation&quot;:&quot;fade&quot;,&quot;autoplay&quot;:true,&quot;loop_autoplay&quot;:&quot;endless&quot;,&quot;interval&quot;:5,&quot;loop_manual&quot;:&quot;manual-endless&quot;,&quot;autoplay_stopper&quot;:false,&quot;noNavigation&quot;:true,&quot;bg_slider&quot;:false,&quot;keep_padding&quot;:false,&quot;hoverpause&quot;:false,&quot;show_slide_delay&quot;:0}\"  itemprop=\"image\" itemscope=\"itemscope\" itemtype=\"https:\/\/schema.org\/ImageObject\" ><ul class='avia-slideshow-inner ' style='padding-bottom: 100%;'><\/ul><\/div><\/p><\/div><\/p>\n","protected":false},"excerpt":{"rendered":"","protected":false},"author":1,"featured_media":0,"parent":0,"menu_order":4,"comment_status":"closed","ping_status":"closed","template":"","meta":{"footnotes":""},"class_list":["post-142","page","type-page","status-publish","hentry"],"_links":{"self":[{"href":"https:\/\/hmcc.fr\/index.php?rest_route=\/wp\/v2\/pages\/142","targetHints":{"allow":["GET"]}}],"collection":[{"href":"https:\/\/hmcc.fr\/index.php?rest_route=\/wp\/v2\/pages"}],"about":[{"href":"https:\/\/hmcc.fr\/index.php?rest_route=\/wp\/v2\/types\/page"}],"author":[{"embeddable":true,"href":"https:\/\/hmcc.fr\/index.php?rest_route=\/wp\/v2\/users\/1"}],"replies":[{"embeddable":true,"href":"https:\/\/hmcc.fr\/index.php?rest_route=%2Fwp%2Fv2%2Fcomments&post=142"}],"version-history":[{"count":0,"href":"https:\/\/hmcc.fr\/index.php?rest_route=\/wp\/v2\/pages\/142\/revisions"}],"wp:attachment":[{"href":"https:\/\/hmcc.fr\/index.php?rest_route=%2Fwp%2Fv2%2Fmedia&parent=142"}],"curies":[{"name":"wp","href":"https:\/\/api.w.org\/{rel}","templated":true}]}}