{"id":1267,"date":"2018-04-29T17:13:39","date_gmt":"2018-04-29T15:13:39","guid":{"rendered":"https:\/\/hmcc.fr\/?page_id=1267"},"modified":"2018-04-29T17:13:39","modified_gmt":"2018-04-29T15:13:39","slug":"actualites","status":"publish","type":"page","link":"https:\/\/hmcc.fr\/?page_id=1267","title":{"rendered":"Actualit\u00e9s"},"content":{"rendered":"<div  class='hr av-cp1n83-a0e4ff128943555b4774752e6d3e69e1 hr-default  avia-builder-el-0  el_before_av_blog  avia-builder-el-first '><span class='hr-inner '><span class=\"hr-inner-style\"><\/span><\/span><\/div>\n<div  class='av-alb-blogposts template-blog  '  itemscope=\"itemscope\" itemtype=\"https:\/\/schema.org\/Blog\" >\t<article class=\"entry\">\n\t\t<header class=\"entry-content-header\">\n<h1 class='post-title entry-title '>Aucune page ne correspond \u00e0 votre recherche<\/h1>\t\t<\/header>\n\n\t\t<p class=\"entry-content\"  itemprop=\"text\" >D\u00e9sol\u00e9, aucun article ne correspond \u00e0 votre recherche<\/p>\n\n\t\t<footer class=\"entry-footer\"><\/footer>\n\t<\/article>\n\n<div class='single-big'><\/div><\/div>\n","protected":false},"excerpt":{"rendered":"","protected":false},"author":1,"featured_media":0,"parent":0,"menu_order":4,"comment_status":"closed","ping_status":"closed","template":"","meta":{"footnotes":""},"class_list":["post-1267","page","type-page","status-publish","hentry"],"_links":{"self":[{"href":"https:\/\/hmcc.fr\/index.php?rest_route=\/wp\/v2\/pages\/1267","targetHints":{"allow":["GET"]}}],"collection":[{"href":"https:\/\/hmcc.fr\/index.php?rest_route=\/wp\/v2\/pages"}],"about":[{"href":"https:\/\/hmcc.fr\/index.php?rest_route=\/wp\/v2\/types\/page"}],"author":[{"embeddable":true,"href":"https:\/\/hmcc.fr\/index.php?rest_route=\/wp\/v2\/users\/1"}],"replies":[{"embeddable":true,"href":"https:\/\/hmcc.fr\/index.php?rest_route=%2Fwp%2Fv2%2Fcomments&post=1267"}],"version-history":[{"count":0,"href":"https:\/\/hmcc.fr\/index.php?rest_route=\/wp\/v2\/pages\/1267\/revisions"}],"wp:attachment":[{"href":"https:\/\/hmcc.fr\/index.php?rest_route=%2Fwp%2Fv2%2Fmedia&parent=1267"}],"curies":[{"name":"wp","href":"https:\/\/api.w.org\/{rel}","templated":true}]}}